{"id":5902,"date":"2023-08-10T15:01:05","date_gmt":"2023-08-10T13:01:05","guid":{"rendered":"https:\/\/www.maniaquedistribution.com\/?post_type=product&#038;p=5902"},"modified":"2023-08-10T15:01:05","modified_gmt":"2023-08-10T13:01:05","slug":"evs-revo5","status":"publish","type":"product","link":"https:\/\/www.maniaquedistribution.com\/fr\/product\/evs-revo5\/","title":{"rendered":"EVS REVO5"},"content":{"rendered":"<p>Le REVO4 de EVS est un plastron modulaire assurant une protection avant et arri\u00e8re avec un design l\u00e9ger et discret. Avec ses prot\u00e8ge-\u00e9paules amovibles, il offre une protection sans pareil contre les d\u00e9bris et les collision tout en permettant une circulation d\u2019air optimale.<\/p>","protected":false},"excerpt":{"rendered":"<p>Tailles: S\/M, L\/XL<\/p>","protected":false},"featured_media":5903,"template":"","meta":[],"product_cat":[688],"product_tag":[],"class_list":{"0":"post-5902","1":"product","2":"type-product","3":"status-publish","4":"has-post-thumbnail","6":"product_cat-protection","8":"first","9":"instock","10":"taxable","11":"shipping-taxable","12":"product-type-simple"},"_links":{"self":[{"href":"https:\/\/www.maniaquedistribution.com\/fr\/wp-json\/wp\/v2\/product\/5902","targetHints":{"allow":["GET"]}}],"collection":[{"href":"https:\/\/www.maniaquedistribution.com\/fr\/wp-json\/wp\/v2\/product"}],"about":[{"href":"https:\/\/www.maniaquedistribution.com\/fr\/wp-json\/wp\/v2\/types\/product"}],"wp:featuredmedia":[{"embeddable":true,"href":"https:\/\/www.maniaquedistribution.com\/fr\/wp-json\/wp\/v2\/media\/5903"}],"wp:attachment":[{"href":"https:\/\/www.maniaquedistribution.com\/fr\/wp-json\/wp\/v2\/media?parent=5902"}],"wp:term":[{"taxonomy":"product_cat","embeddable":true,"href":"https:\/\/www.maniaquedistribution.com\/fr\/wp-json\/wp\/v2\/product_cat?post=5902"},{"taxonomy":"product_tag","embeddable":true,"href":"https:\/\/www.maniaquedistribution.com\/fr\/wp-json\/wp\/v2\/product_tag?post=5902"}],"curies":[{"name":"wp","href":"https:\/\/api.w.org\/{rel}","templated":true}]}}