{"id":5929,"date":"2023-08-10T15:20:56","date_gmt":"2023-08-10T13:20:56","guid":{"rendered":"https:\/\/www.maniaquedistribution.com\/?post_type=product&#038;p=5929"},"modified":"2025-12-11T18:33:42","modified_gmt":"2025-12-11T17:33:42","slug":"evs-slam-combo-plus","status":"publish","type":"product","link":"https:\/\/www.maniaquedistribution.com\/fr\/product\/evs-slam-combo-plus\/","title":{"rendered":"EVS Slam Combo Plus"},"content":{"rendered":"<p>Le Slam Combo par EVS comprend des prot\u00e8ge-genoux, des prot\u00e8ge-coudes, le collier cervical Race R2 et le plastron Bantam. Le combo de protection ultime \u00e0 une fraction du prix !<\/p>\n<p>Meilleur prix garanti !<br \/>\nTrouvez moins cher et nous \u00e9galiserons le prix !<\/p>","protected":false},"excerpt":{"rendered":"<p>Tailles: Mini et enfants<\/p>","protected":false},"featured_media":5930,"template":"","meta":[],"product_cat":[688],"product_tag":[],"class_list":{"0":"post-5929","1":"product","2":"type-product","3":"status-publish","4":"has-post-thumbnail","6":"product_cat-protection","8":"first","9":"instock","10":"taxable","11":"shipping-taxable","12":"purchasable","13":"product-type-simple"},"_links":{"self":[{"href":"https:\/\/www.maniaquedistribution.com\/fr\/wp-json\/wp\/v2\/product\/5929","targetHints":{"allow":["GET"]}}],"collection":[{"href":"https:\/\/www.maniaquedistribution.com\/fr\/wp-json\/wp\/v2\/product"}],"about":[{"href":"https:\/\/www.maniaquedistribution.com\/fr\/wp-json\/wp\/v2\/types\/product"}],"wp:featuredmedia":[{"embeddable":true,"href":"https:\/\/www.maniaquedistribution.com\/fr\/wp-json\/wp\/v2\/media\/5930"}],"wp:attachment":[{"href":"https:\/\/www.maniaquedistribution.com\/fr\/wp-json\/wp\/v2\/media?parent=5929"}],"wp:term":[{"taxonomy":"product_cat","embeddable":true,"href":"https:\/\/www.maniaquedistribution.com\/fr\/wp-json\/wp\/v2\/product_cat?post=5929"},{"taxonomy":"product_tag","embeddable":true,"href":"https:\/\/www.maniaquedistribution.com\/fr\/wp-json\/wp\/v2\/product_tag?post=5929"}],"curies":[{"name":"wp","href":"https:\/\/api.w.org\/{rel}","templated":true}]}}