{"id":6053,"date":"2023-08-10T21:49:22","date_gmt":"2023-08-10T19:49:22","guid":{"rendered":"https:\/\/www.maniaquedistribution.com\/?post_type=product&#038;p=6053"},"modified":"2023-08-18T17:23:26","modified_gmt":"2023-08-18T15:23:26","slug":"phx-firelite-rouge","status":"publish","type":"product","link":"https:\/\/www.maniaquedistribution.com\/fr\/product\/phx-firelite-rouge\/","title":{"rendered":"PHX Firelite (Rouge)"},"content":{"rendered":"<p>Les nouveaux gants PHX offrent un design de performance assurant une dext\u00e9rit\u00e9 et une durabilit\u00e9 incomparables.<\/p>\n<p>Meilleur prix garanti !<br \/>\nTrouvez moins cher et nous \u00e9galiserons le prix !<\/p>","protected":false},"excerpt":{"rendered":"<p>Tailles : Small &#8211; Large<\/p>","protected":false},"featured_media":6054,"template":"","meta":[],"product_cat":[690],"product_tag":[],"class_list":{"0":"post-6053","1":"product","2":"type-product","3":"status-publish","4":"has-post-thumbnail","6":"product_cat-gant","8":"first","9":"instock","10":"taxable","11":"shipping-taxable","12":"purchasable","13":"product-type-simple"},"_links":{"self":[{"href":"https:\/\/www.maniaquedistribution.com\/fr\/wp-json\/wp\/v2\/product\/6053","targetHints":{"allow":["GET"]}}],"collection":[{"href":"https:\/\/www.maniaquedistribution.com\/fr\/wp-json\/wp\/v2\/product"}],"about":[{"href":"https:\/\/www.maniaquedistribution.com\/fr\/wp-json\/wp\/v2\/types\/product"}],"wp:featuredmedia":[{"embeddable":true,"href":"https:\/\/www.maniaquedistribution.com\/fr\/wp-json\/wp\/v2\/media\/6054"}],"wp:attachment":[{"href":"https:\/\/www.maniaquedistribution.com\/fr\/wp-json\/wp\/v2\/media?parent=6053"}],"wp:term":[{"taxonomy":"product_cat","embeddable":true,"href":"https:\/\/www.maniaquedistribution.com\/fr\/wp-json\/wp\/v2\/product_cat?post=6053"},{"taxonomy":"product_tag","embeddable":true,"href":"https:\/\/www.maniaquedistribution.com\/fr\/wp-json\/wp\/v2\/product_tag?post=6053"}],"curies":[{"name":"wp","href":"https:\/\/api.w.org\/{rel}","templated":true}]}}