{"id":6062,"date":"2023-08-10T21:56:57","date_gmt":"2023-08-10T19:56:57","guid":{"rendered":"https:\/\/www.maniaquedistribution.com\/?post_type=product&#038;p=6062"},"modified":"2023-08-18T17:23:25","modified_gmt":"2023-08-18T15:23:25","slug":"phx-mudclaw-vert","status":"publish","type":"product","link":"https:\/\/www.maniaquedistribution.com\/fr\/product\/phx-mudclaw-vert\/","title":{"rendered":"PHX Mudclaw (Vert)"},"content":{"rendered":"<p>Les nouveaux gants PHX offrent un design de performance assurant une dext\u00e9rit\u00e9 et une durabilit\u00e9 incomparables.<\/p>\n<p>Meilleur prix garanti !<br \/>\nTrouvez moins cher et nous \u00e9galiserons le prix !<\/p>","protected":false},"excerpt":{"rendered":"<p>Tailles : Small &#8211; XLarge (Adultes) et Small &#8211; Large (Enfants)<\/p>","protected":false},"featured_media":6063,"template":"","meta":[],"product_cat":[690],"product_tag":[],"class_list":{"0":"post-6062","1":"product","2":"type-product","3":"status-publish","4":"has-post-thumbnail","6":"product_cat-gant","8":"first","9":"instock","10":"taxable","11":"shipping-taxable","12":"purchasable","13":"product-type-simple"},"_links":{"self":[{"href":"https:\/\/www.maniaquedistribution.com\/fr\/wp-json\/wp\/v2\/product\/6062","targetHints":{"allow":["GET"]}}],"collection":[{"href":"https:\/\/www.maniaquedistribution.com\/fr\/wp-json\/wp\/v2\/product"}],"about":[{"href":"https:\/\/www.maniaquedistribution.com\/fr\/wp-json\/wp\/v2\/types\/product"}],"wp:featuredmedia":[{"embeddable":true,"href":"https:\/\/www.maniaquedistribution.com\/fr\/wp-json\/wp\/v2\/media\/6063"}],"wp:attachment":[{"href":"https:\/\/www.maniaquedistribution.com\/fr\/wp-json\/wp\/v2\/media?parent=6062"}],"wp:term":[{"taxonomy":"product_cat","embeddable":true,"href":"https:\/\/www.maniaquedistribution.com\/fr\/wp-json\/wp\/v2\/product_cat?post=6062"},{"taxonomy":"product_tag","embeddable":true,"href":"https:\/\/www.maniaquedistribution.com\/fr\/wp-json\/wp\/v2\/product_tag?post=6062"}],"curies":[{"name":"wp","href":"https:\/\/api.w.org\/{rel}","templated":true}]}}