{"id":6134,"date":"2023-08-10T23:41:45","date_gmt":"2023-08-10T21:41:45","guid":{"rendered":"https:\/\/www.maniaquedistribution.com\/?post_type=product&#038;p=6134"},"modified":"2023-08-18T17:23:55","modified_gmt":"2023-08-18T15:23:55","slug":"sx5","status":"publish","type":"product","link":"https:\/\/www.maniaquedistribution.com\/fr\/product\/sx5\/","title":{"rendered":"SX5"},"content":{"rendered":"<p>Les nouveaux casques PHX offrent un design l\u00e9ger et durable offrant une s\u00e9curit\u00e9 in\u00e9gal\u00e9e.<\/p>\n<p>Meilleur prix garanti !<br \/>\nTrouvez moins cher et nous \u00e9galiserons le prix !<\/p>","protected":false},"excerpt":{"rendered":"<p>Tailles : S &#8211; XXL<\/p>","protected":false},"featured_media":6135,"template":"","meta":[],"product_cat":[686],"product_tag":[],"class_list":{"0":"post-6134","1":"product","2":"type-product","3":"status-publish","4":"has-post-thumbnail","6":"product_cat-full-face","8":"first","9":"instock","10":"taxable","11":"shipping-taxable","12":"purchasable","13":"product-type-simple"},"_links":{"self":[{"href":"https:\/\/www.maniaquedistribution.com\/fr\/wp-json\/wp\/v2\/product\/6134","targetHints":{"allow":["GET"]}}],"collection":[{"href":"https:\/\/www.maniaquedistribution.com\/fr\/wp-json\/wp\/v2\/product"}],"about":[{"href":"https:\/\/www.maniaquedistribution.com\/fr\/wp-json\/wp\/v2\/types\/product"}],"wp:featuredmedia":[{"embeddable":true,"href":"https:\/\/www.maniaquedistribution.com\/fr\/wp-json\/wp\/v2\/media\/6135"}],"wp:attachment":[{"href":"https:\/\/www.maniaquedistribution.com\/fr\/wp-json\/wp\/v2\/media?parent=6134"}],"wp:term":[{"taxonomy":"product_cat","embeddable":true,"href":"https:\/\/www.maniaquedistribution.com\/fr\/wp-json\/wp\/v2\/product_cat?post=6134"},{"taxonomy":"product_tag","embeddable":true,"href":"https:\/\/www.maniaquedistribution.com\/fr\/wp-json\/wp\/v2\/product_tag?post=6134"}],"curies":[{"name":"wp","href":"https:\/\/api.w.org\/{rel}","templated":true}]}}