{"id":6371,"date":"2024-07-07T15:36:46","date_gmt":"2024-07-07T13:36:46","guid":{"rendered":"https:\/\/www.maniaquedistribution.com\/?post_type=product&#038;p=6371"},"modified":"2024-07-25T14:34:13","modified_gmt":"2024-07-25T12:34:13","slug":"evo-18","status":"publish","type":"product","link":"https:\/\/www.maniaquedistribution.com\/fr\/product\/evo-18\/","title":{"rendered":"EVO 18"},"content":{"rendered":"<p>Passez \u00e0 une mobilit\u00e9 propre avec l&#8217;EVO 18, le e-bike parfait pour les jeunes \u00e0 partir de 9 ans. Dot\u00e9 d&#8217;un moteur \u00e9lectrique de 500W, il atteint une vitesse maximale de 32 km\/h et offre une autonomie de 15 km. Ses suspensions avant de 614 mm et arri\u00e8re de 150 mm assurent une conduite confortable. Avec une hauteur de selle ajustable entre 690 mm et 770 mm, et un poids l\u00e9ger de 19 kg, ce e-bike est id\u00e9al pour des aventures \u00e9cologiques. Disponible en bleu et rouge, il promet des moments inoubliables.<\/p>\n<p><strong>Sp\u00e9cifications Techniques<\/strong><\/p>\n<p>TYPE DE MOTEUR: \u00c9lectrique<br \/>\nEMBRAYAGE: electronic variator<br \/>\nPUISSANCE MAXIMALE: 500W<br \/>\nAUTONOMIE: 15KM<br \/>\nBATTERIE: Lithium 36V 5Ah<br \/>\nSUSPENSION AVANT: 614mm<br \/>\nSUSPENSION ARRI\u00c8RE: 150mm<br \/>\nBRAS OSCILLANT: Aluminium alloy<br \/>\nFREINS: 160mm<br \/>\nROUE AVANT: 18 inch alloy rim 18X2.5<br \/>\nROUE ARRI\u00c8RE: 18 inch alloy rim 18X2.5<br \/>\nCOULEUR: Bleu \/ Rouge<br \/>\nEMPATTEMENT: 940mm<br \/>\nPOIDS: 19kg<\/p>\n<p>CHARGE MAX: 70kg<\/p>\n<p>&nbsp;<\/p>\n<p class=\"p1\">Meilleur prix garanti !<\/p>\n<p class=\"p1\">Trouvez moins cher et nous \u00e9galiserons le prix !<\/p>","protected":false},"excerpt":{"rendered":"<p>Marque: APOLLO<\/p>\n<div class=\"product-list-info-item__title\">\u00c2ge de d\u00e9part: 9<\/div>\n<div class=\"product-list-info-item__title\">Couleurs disponibles: 2<\/div>\n<div class=\"product-list-info-item__title\">Vitesse maximale: 32 Km\/Hr<\/div>\n<div class=\"product-list-info-item__value\">Moteur : \u00c9lectrique 500w<br \/>\nVitesse maximale : 32 km\/h<br \/>\nBatterie : Lithium 36V 5Ah<\/div>","protected":false},"featured_media":6372,"template":"","meta":[],"product_cat":[42,699,655,674],"product_tag":[],"class_list":{"0":"post-6371","1":"product","2":"type-product","3":"status-publish","4":"has-post-thumbnail","6":"product_cat-apollo","7":"product_cat-velo-electrique-apollo","8":"product_cat-velo-electrique","9":"product_cat-apollo-velo-electrique","11":"first","12":"instock","13":"taxable","14":"shipping-taxable","15":"purchasable","16":"product-type-simple"},"_links":{"self":[{"href":"https:\/\/www.maniaquedistribution.com\/fr\/wp-json\/wp\/v2\/product\/6371","targetHints":{"allow":["GET"]}}],"collection":[{"href":"https:\/\/www.maniaquedistribution.com\/fr\/wp-json\/wp\/v2\/product"}],"about":[{"href":"https:\/\/www.maniaquedistribution.com\/fr\/wp-json\/wp\/v2\/types\/product"}],"wp:featuredmedia":[{"embeddable":true,"href":"https:\/\/www.maniaquedistribution.com\/fr\/wp-json\/wp\/v2\/media\/6372"}],"wp:attachment":[{"href":"https:\/\/www.maniaquedistribution.com\/fr\/wp-json\/wp\/v2\/media?parent=6371"}],"wp:term":[{"taxonomy":"product_cat","embeddable":true,"href":"https:\/\/www.maniaquedistribution.com\/fr\/wp-json\/wp\/v2\/product_cat?post=6371"},{"taxonomy":"product_tag","embeddable":true,"href":"https:\/\/www.maniaquedistribution.com\/fr\/wp-json\/wp\/v2\/product_tag?post=6371"}],"curies":[{"name":"wp","href":"https:\/\/api.w.org\/{rel}","templated":true}]}}