{"id":6378,"date":"2024-07-07T15:44:52","date_gmt":"2024-07-07T13:44:52","guid":{"rendered":"https:\/\/www.maniaquedistribution.com\/?post_type=product&#038;p=6378"},"modified":"2024-07-25T14:33:34","modified_gmt":"2024-07-25T12:33:34","slug":"evo-20","status":"publish","type":"product","link":"https:\/\/www.maniaquedistribution.com\/fr\/product\/evo-20\/","title":{"rendered":"EVO 20"},"content":{"rendered":"<p>Atteignez de Nouvelles Fronti\u00e8res avec l&#8217;EVO 20!<\/p>\n<p>Passez \u00e0 une nouvelle \u00e8re de mobilit\u00e9 avec l&#8217;EVO 20, le grand fr\u00e8re de l&#8217;EVO 18, parfait pour les jeunes d\u00e8s 9 ans. Dot\u00e9 d&#8217;un moteur \u00e9lectrique de 750W, il atteint une vitesse maximale de 32 km\/h et offre une autonomie de 20 km. Ses suspensions avant de 648 mm et arri\u00e8re de 150 mm assurent une conduite fluide et stable. Avec une hauteur de selle ajustable de 690 \u00e0 820 mm et un poids de 22.3 kg, ce e-bike est id\u00e9al pour des aventures \u00e9cologiques. Disponible en bleu, vert et orange, il promet des moments m\u00e9morables.<\/p>\n<p>Sp\u00e9cifications Techniques<\/p>\n<div class=\"page-product__specifications\">\n<div class=\"product-specifications-item__icon\">TYPE DE MOTEUR: \u00c9lectrique<\/div>\n<div class=\"product-specifications-item__icon\">EMBRAYAGE: electronic variator<\/div>\n<div class=\"product-specifications-item__icon\">PUISSANCE MAXIMALE: 750W<\/div>\n<div class=\"product-specifications-item__icon\">AUTONOMIE: 20KM<\/div>\n<div class=\"product-specifications-item__icon\">BATTERIE: Lithium 36V 7.5Ah<\/div>\n<div class=\"product-specifications-item__icon\">SUSPENSION AVANT: 648mm<\/div>\n<div class=\"product-specifications-item__icon\">SUSPENSION ARRI\u00c8RE: 150mm<\/div>\n<div class=\"product-specifications-item__icon\">BRAS OSCILLANT: Aluminium alloy<\/div>\n<div class=\"product-specifications-item__icon\">FREINS: 180mm<\/div>\n<div class=\"product-specifications-item__icon\">ROUE AVANT: 18 inch alloy rim 20X2.5<\/div>\n<div class=\"product-specifications-item__icon\">ROUE ARRI\u00c8RE: 18 inch alloy rim 20X2.5<\/div>\n<div class=\"product-specifications-item__icon\">COULEUR: Bleu \/ Vert \/ Orange<\/div>\n<div class=\"product-specifications-item__icon\">EMPATTEMENT: 1150mm<\/div>\n<div class=\"product-specifications-item__icon\">POIDS: 22.3kg<\/div>\n<div class=\"product-specifications-item__icon\">CHARGE MAX.: 70kg<\/div>\n<\/div>\n<p>&nbsp;<\/p>\n<p>Meilleur prix garanti !<\/p>\n<p class=\"p1\">Trouvez moins cher et nous \u00e9galiserons le prix !<\/p>","protected":false},"excerpt":{"rendered":"<p>Marque: APOLLO<\/p>\n<p>\u00c2ge de d\u00e9part: 9<\/p>\n<div class=\"product-list-info-item__title\">Couleurs de selle: 3<\/div>\n<div class=\"product-list-info-item__title\">Hauteur de selle: 690-820mm<\/div>\n<div class=\"product-list-info-item__value\">Moteur : \u00c9lectrique 750w<br \/>\nVitesse maximale : 32 km\/h<br \/>\nBatterie : Lithium 36V 7.5Ah<\/div>","protected":false},"featured_media":6379,"template":"","meta":[],"product_cat":[42,699,655,674],"product_tag":[],"class_list":{"0":"post-6378","1":"product","2":"type-product","3":"status-publish","4":"has-post-thumbnail","6":"product_cat-apollo","7":"product_cat-velo-electrique-apollo","8":"product_cat-velo-electrique","9":"product_cat-apollo-velo-electrique","11":"first","12":"instock","13":"taxable","14":"shipping-taxable","15":"purchasable","16":"product-type-simple"},"_links":{"self":[{"href":"https:\/\/www.maniaquedistribution.com\/fr\/wp-json\/wp\/v2\/product\/6378","targetHints":{"allow":["GET"]}}],"collection":[{"href":"https:\/\/www.maniaquedistribution.com\/fr\/wp-json\/wp\/v2\/product"}],"about":[{"href":"https:\/\/www.maniaquedistribution.com\/fr\/wp-json\/wp\/v2\/types\/product"}],"wp:featuredmedia":[{"embeddable":true,"href":"https:\/\/www.maniaquedistribution.com\/fr\/wp-json\/wp\/v2\/media\/6379"}],"wp:attachment":[{"href":"https:\/\/www.maniaquedistribution.com\/fr\/wp-json\/wp\/v2\/media?parent=6378"}],"wp:term":[{"taxonomy":"product_cat","embeddable":true,"href":"https:\/\/www.maniaquedistribution.com\/fr\/wp-json\/wp\/v2\/product_cat?post=6378"},{"taxonomy":"product_tag","embeddable":true,"href":"https:\/\/www.maniaquedistribution.com\/fr\/wp-json\/wp\/v2\/product_tag?post=6378"}],"curies":[{"name":"wp","href":"https:\/\/api.w.org\/{rel}","templated":true}]}}