{"id":6503,"date":"2024-08-07T15:16:55","date_gmt":"2024-08-07T13:16:55","guid":{"rendered":"https:\/\/www.maniaquedistribution.com\/?post_type=product&#038;p=6503"},"modified":"2025-03-18T04:55:15","modified_gmt":"2025-03-18T03:55:15","slug":"brosse-motorise-hydro-36","status":"publish","type":"product","link":"https:\/\/www.maniaquedistribution.com\/fr\/product\/brosse-motorise-hydro-36\/","title":{"rendered":"Brosse Motoris\u00e9 Hydro 36&#8243;"},"content":{"rendered":"<table class=\"table table-hover table-striped\">\n<tbody>\n<tr>\n<td class=\"text-muted\">Largeur de nettoyage<\/td>\n<td class=\"font-weight-bold\">36\u00a0po<\/td>\n<\/tr>\n<tr>\n<td class=\"text-muted\">Angle de la brosse (gauche\/droite)<\/td>\n<td class=\"font-weight-bold\">20\u00b0<\/td>\n<\/tr>\n<tr>\n<td class=\"text-muted\">D\u00e9marrage<\/td>\n<td class=\"font-weight-bold\">12V d\u00e9marrage \u00e0 cl\u00e9 \/ \u00c0 rappel<\/td>\n<\/tr>\n<tr>\n<td class=\"text-muted\">Moteur<\/td>\n<td class=\"font-weight-bold\">277cc Kohler\u00ae CH395<\/td>\n<\/tr>\n<tr>\n<td class=\"text-muted\">Transmission<\/td>\n<td class=\"font-weight-bold\">Hydrostatique<\/td>\n<\/tr>\n<\/tbody>\n<\/table>\n<table class=\"table table-hover table-striped\">\n<tbody>\n<tr>\n<td class=\"text-muted\">Hauteur<\/td>\n<td class=\"font-weight-bold\">43\u00a0po<\/td>\n<\/tr>\n<tr>\n<td class=\"text-muted\">Largeur<\/td>\n<td class=\"font-weight-bold\">44\u00a0po<\/td>\n<\/tr>\n<tr>\n<td class=\"text-muted\">Longueur<\/td>\n<td class=\"font-weight-bold\">72\u00a0po<\/td>\n<\/tr>\n<tr>\n<td class=\"text-muted\">Diam\u00e8tre de la brosse<\/td>\n<td class=\"font-weight-bold\">25\u00a0po<\/td>\n<\/tr>\n<tr>\n<td class=\"text-muted\">Poids<\/td>\n<td class=\"font-weight-bold\">403\u00a0lbs<\/td>\n<\/tr>\n<tr>\n<td class=\"text-muted\">Dimensions des pneus<\/td>\n<td class=\"font-weight-bold\">6 X 6.5 PO (41 X 17 CM)<\/td>\n<\/tr>\n<tr>\n<td class=\"text-muted\">Type de pneu<\/td>\n<td class=\"font-weight-bold\">Pneus \u00e0 neige directionnels<\/td>\n<\/tr>\n<tr>\n<td class=\"text-muted\">Vitesses<\/td>\n<td class=\"font-weight-bold\">Variable<\/td>\n<\/tr>\n<\/tbody>\n<\/table>\n<p>Meilleur prix garanti<br \/>\nTrouvez moins cher et nous \u00e9galiserons le prix<br \/>\nMontage inclus<\/p>","protected":false},"excerpt":{"rendered":"<p>Marque : Ariens<\/p>\n<p>Mod\u00e8le : AE926088<\/p>","protected":false},"featured_media":6504,"template":"","meta":[],"product_cat":[654,701],"product_tag":[],"class_list":{"0":"post-6503","1":"product","2":"type-product","3":"status-publish","4":"has-post-thumbnail","6":"product_cat-ariens","7":"product_cat-brosse-motorisee-ariens","9":"first","10":"instock","11":"taxable","12":"shipping-taxable","13":"purchasable","14":"product-type-simple"},"_links":{"self":[{"href":"https:\/\/www.maniaquedistribution.com\/fr\/wp-json\/wp\/v2\/product\/6503","targetHints":{"allow":["GET"]}}],"collection":[{"href":"https:\/\/www.maniaquedistribution.com\/fr\/wp-json\/wp\/v2\/product"}],"about":[{"href":"https:\/\/www.maniaquedistribution.com\/fr\/wp-json\/wp\/v2\/types\/product"}],"wp:featuredmedia":[{"embeddable":true,"href":"https:\/\/www.maniaquedistribution.com\/fr\/wp-json\/wp\/v2\/media\/6504"}],"wp:attachment":[{"href":"https:\/\/www.maniaquedistribution.com\/fr\/wp-json\/wp\/v2\/media?parent=6503"}],"wp:term":[{"taxonomy":"product_cat","embeddable":true,"href":"https:\/\/www.maniaquedistribution.com\/fr\/wp-json\/wp\/v2\/product_cat?post=6503"},{"taxonomy":"product_tag","embeddable":true,"href":"https:\/\/www.maniaquedistribution.com\/fr\/wp-json\/wp\/v2\/product_tag?post=6503"}],"curies":[{"name":"wp","href":"https:\/\/api.w.org\/{rel}","templated":true}]}}