{"id":6806,"date":"2024-08-14T16:26:24","date_gmt":"2024-08-14T14:26:24","guid":{"rendered":"https:\/\/www.maniaquedistribution.com\/?post_type=product&#038;p=6806"},"modified":"2025-03-18T04:17:47","modified_gmt":"2025-03-18T03:17:47","slug":"pro-turn-ev","status":"publish","type":"product","link":"https:\/\/www.maniaquedistribution.com\/fr\/product\/pro-turn-ev\/","title":{"rendered":"Pro-Turn EV"},"content":{"rendered":"<table width=\"728\">\n<tbody>\n<tr>\n<td colspan=\"2\" width=\"240\"><em>Mod\u00e8le<\/em><\/td>\n<td colspan=\"2\" width=\"185\"><em>D\u00e9charge<\/em><\/td>\n<td colspan=\"2\" width=\"152\"><em>Largeur de coupe<\/em><\/td>\n<td colspan=\"2\" width=\"152\"><em>Batterie<\/em><\/td>\n<\/tr>\n<tr>\n<td width=\"160\"><em>997005<\/em><\/td>\n<td colspan=\"2\" width=\"185\"><em>Lat\u00e9rale<\/em><\/td>\n<td colspan=\"2\" width=\"152\"><em>122 cm (48 po)<\/em><\/td>\n<td colspan=\"2\" width=\"152\"><em>Lithium-lon<\/em><\/td>\n<\/tr>\n<tr>\n<td width=\"160\"><em>997008<\/em><\/td>\n<td colspan=\"2\" width=\"185\"><em>Arri\u00e8re<\/em><\/td>\n<td colspan=\"2\" width=\"152\"><em>122 <\/em><em>cm <\/em><em>(48 po)<\/em><\/td>\n<td colspan=\"2\" width=\"152\"><em>Lithium-lon<\/em><\/td>\n<\/tr>\n<tr>\n<td width=\"160\"><em>997006<\/em><\/td>\n<td colspan=\"2\" width=\"185\"><em>Lat\u00e9rale<\/em><\/td>\n<td colspan=\"2\" width=\"152\"><em>132 cm (52 po)<\/em><\/td>\n<td colspan=\"2\" width=\"152\"><em>Lithium-lon<\/em><\/td>\n<\/tr>\n<tr>\n<td width=\"160\"><em>997009<\/em><\/td>\n<td colspan=\"2\" width=\"185\"><em>Arri\u00e8re<\/em><\/td>\n<td colspan=\"2\" width=\"152\"><em>132 <\/em><em>cm <\/em><em>(52 po)<\/em><\/td>\n<td colspan=\"2\" width=\"152\"><em>Lithium-lon<\/em><\/td>\n<\/tr>\n<tr>\n<td width=\"160\"><em>997007<\/em><\/td>\n<td colspan=\"2\" width=\"185\"><em>Lat\u00e9rale<\/em><\/td>\n<td colspan=\"2\" width=\"152\"><em>152 cm (60po)<\/em><\/td>\n<td colspan=\"2\" width=\"152\"><em>Lithium-lon<\/em><\/td>\n<\/tr>\n<tr>\n<td width=\"160\"><em>997010<\/em><\/td>\n<td colspan=\"2\" width=\"185\"><em>Arri\u00e8re<\/em><\/td>\n<td colspan=\"2\" width=\"152\"><em>152 cm (60 po)<\/em><\/td>\n<td colspan=\"2\" width=\"152\"><em>Lithium-lon<\/em><\/td>\n<\/tr>\n<\/tbody>\n<\/table>\n<p>Pour plus d&#8217;information, appelez-nous 450-413-2424<\/p>\n<p>Meilleur prix garanti<\/p>\n<p>Trouvez moins cher et nous \u00e9galiserons le prix<\/p>\n<p>Montage inclus<\/p>","protected":false},"excerpt":{"rendered":"<p>Mod\u00e8le D\u00e9charge Largeur de coupe Batterie 997005 Lat\u00e9rale 122 cm (48 po) Lithium-lon 997008 Arri\u00e8re 122 cm (48 po) Lithium-lon 997006 Lat\u00e9rale 132 cm (52 po) Lithium-lon 997009 Arri\u00e8re 132 cm (52 po) Lithium-lon 997007 Lat\u00e9rale 152 cm (60po) Lithium-lon 997010 Arri\u00e8re 152 cm (60 po) Lithium-lon Pour plus d&#8217;information, appelez-nous 450-413-2424 Meilleur prix garanti [&hellip;]<\/p>","protected":false},"featured_media":6807,"template":"","meta":[],"product_cat":[705,706],"product_tag":[],"class_list":{"0":"post-6806","1":"product","2":"type-product","3":"status-publish","4":"has-post-thumbnail","6":"product_cat-gravely","7":"product_cat-tondeuse-gravely","9":"first","10":"instock","11":"taxable","12":"shipping-taxable","13":"product-type-simple"},"_links":{"self":[{"href":"https:\/\/www.maniaquedistribution.com\/fr\/wp-json\/wp\/v2\/product\/6806","targetHints":{"allow":["GET"]}}],"collection":[{"href":"https:\/\/www.maniaquedistribution.com\/fr\/wp-json\/wp\/v2\/product"}],"about":[{"href":"https:\/\/www.maniaquedistribution.com\/fr\/wp-json\/wp\/v2\/types\/product"}],"wp:featuredmedia":[{"embeddable":true,"href":"https:\/\/www.maniaquedistribution.com\/fr\/wp-json\/wp\/v2\/media\/6807"}],"wp:attachment":[{"href":"https:\/\/www.maniaquedistribution.com\/fr\/wp-json\/wp\/v2\/media?parent=6806"}],"wp:term":[{"taxonomy":"product_cat","embeddable":true,"href":"https:\/\/www.maniaquedistribution.com\/fr\/wp-json\/wp\/v2\/product_cat?post=6806"},{"taxonomy":"product_tag","embeddable":true,"href":"https:\/\/www.maniaquedistribution.com\/fr\/wp-json\/wp\/v2\/product_tag?post=6806"}],"curies":[{"name":"wp","href":"https:\/\/api.w.org\/{rel}","templated":true}]}}