{"id":6879,"date":"2025-10-09T00:08:55","date_gmt":"2025-10-08T22:08:55","guid":{"rendered":"https:\/\/www.maniaquedistribution.com\/?post_type=product&#038;p=6879"},"modified":"2025-10-10T23:58:51","modified_gmt":"2025-10-10T21:58:51","slug":"6879","status":"publish","type":"product","link":"https:\/\/www.maniaquedistribution.com\/fr\/product\/6879\/","title":{"rendered":"Souffleuse 24&#8243; moteur Ducar 212cc"},"content":{"rendered":"<p>Type : Deux phases<\/p>\n<p>Largeur de travail : 24 po<\/p>\n<p>Moteur : Ducar 4 temps &#8211; 212 cm3 &#8211; 7 HP<\/p>\n<p>Entra\u00eenement : Disque friction &#8211; Vitesses 6 AV &#8211; 2 AR<\/p>\n<p>D\u00e9marrage : \u00c9lectrique et \u00e0 rappel<\/p>\n<p>Poids : 192 Lb<\/p>\n<p>Poign\u00e9es chauffantes et \u00e9clairage<\/p>\n<p>Syst\u00e8me de patins double ( m\u00e9tal \/ plastique ) et de grandes roues 15 po x 4 po<\/p>\n<p>&nbsp;<\/p>","protected":false},"excerpt":{"rendered":"<p><img loading=\"lazy\" decoding=\"async\" class=\"alignnone size-medium wp-image-6885\" src=\"https:\/\/www.maniaquedistribution.com\/wp-content\/uploads\/2025\/10\/57498-tall-1-300x216.jpeg\" alt=\"\" width=\"300\" height=\"216\" srcset=\"https:\/\/www.maniaquedistribution.com\/wp-content\/uploads\/2025\/10\/57498-tall-1-300x216.jpeg 300w, https:\/\/www.maniaquedistribution.com\/wp-content\/uploads\/2025\/10\/57498-tall-1-768x552.jpeg 768w, https:\/\/www.maniaquedistribution.com\/wp-content\/uploads\/2025\/10\/57498-tall-1-18x12.jpeg 18w, https:\/\/www.maniaquedistribution.com\/wp-content\/uploads\/2025\/10\/57498-tall-1-360x260.jpeg 360w, https:\/\/www.maniaquedistribution.com\/wp-content\/uploads\/2025\/10\/57498-tall-1-600x431.jpeg 600w, https:\/\/www.maniaquedistribution.com\/wp-content\/uploads\/2025\/10\/57498-tall-1.jpeg 1000w\" sizes=\"auto, (max-width: 300px) 100vw, 300px\" \/> <img loading=\"lazy\" decoding=\"async\" class=\"alignnone size-medium wp-image-6886\" src=\"https:\/\/www.maniaquedistribution.com\/wp-content\/uploads\/2025\/10\/57499-tall-1-300x216.jpeg\" alt=\"\" width=\"300\" height=\"216\" srcset=\"https:\/\/www.maniaquedistribution.com\/wp-content\/uploads\/2025\/10\/57499-tall-1-300x216.jpeg 300w, https:\/\/www.maniaquedistribution.com\/wp-content\/uploads\/2025\/10\/57499-tall-1-768x552.jpeg 768w, https:\/\/www.maniaquedistribution.com\/wp-content\/uploads\/2025\/10\/57499-tall-1-18x12.jpeg 18w, https:\/\/www.maniaquedistribution.com\/wp-content\/uploads\/2025\/10\/57499-tall-1-360x260.jpeg 360w, https:\/\/www.maniaquedistribution.com\/wp-content\/uploads\/2025\/10\/57499-tall-1-600x431.jpeg 600w, https:\/\/www.maniaquedistribution.com\/wp-content\/uploads\/2025\/10\/57499-tall-1.jpeg 1000w\" sizes=\"auto, (max-width: 300px) 100vw, 300px\" \/> <img loading=\"lazy\" decoding=\"async\" class=\"alignnone size-medium wp-image-6887\" src=\"https:\/\/www.maniaquedistribution.com\/wp-content\/uploads\/2025\/10\/57503-tall-1-300x216.jpeg\" alt=\"\" width=\"300\" height=\"216\" srcset=\"https:\/\/www.maniaquedistribution.com\/wp-content\/uploads\/2025\/10\/57503-tall-1-300x216.jpeg 300w, https:\/\/www.maniaquedistribution.com\/wp-content\/uploads\/2025\/10\/57503-tall-1-768x552.jpeg 768w, https:\/\/www.maniaquedistribution.com\/wp-content\/uploads\/2025\/10\/57503-tall-1-18x12.jpeg 18w, https:\/\/www.maniaquedistribution.com\/wp-content\/uploads\/2025\/10\/57503-tall-1-360x260.jpeg 360w, https:\/\/www.maniaquedistribution.com\/wp-content\/uploads\/2025\/10\/57503-tall-1-600x431.jpeg 600w, https:\/\/www.maniaquedistribution.com\/wp-content\/uploads\/2025\/10\/57503-tall-1.jpeg 1000w\" sizes=\"auto, (max-width: 300px) 100vw, 300px\" \/> <img loading=\"lazy\" decoding=\"async\" class=\"alignnone size-medium wp-image-6888\" src=\"https:\/\/www.maniaquedistribution.com\/wp-content\/uploads\/2025\/10\/57504-tall-1-300x216.jpeg\" alt=\"\" width=\"300\" height=\"216\" srcset=\"https:\/\/www.maniaquedistribution.com\/wp-content\/uploads\/2025\/10\/57504-tall-1-300x216.jpeg 300w, https:\/\/www.maniaquedistribution.com\/wp-content\/uploads\/2025\/10\/57504-tall-1-768x552.jpeg 768w, https:\/\/www.maniaquedistribution.com\/wp-content\/uploads\/2025\/10\/57504-tall-1-18x12.jpeg 18w, https:\/\/www.maniaquedistribution.com\/wp-content\/uploads\/2025\/10\/57504-tall-1-360x260.jpeg 360w, https:\/\/www.maniaquedistribution.com\/wp-content\/uploads\/2025\/10\/57504-tall-1-600x431.jpeg 600w, https:\/\/www.maniaquedistribution.com\/wp-content\/uploads\/2025\/10\/57504-tall-1.jpeg 1000w\" sizes=\"auto, (max-width: 300px) 100vw, 300px\" \/><\/p>","protected":false},"featured_media":6880,"template":"","meta":[],"product_cat":[44,708],"product_tag":[],"class_list":{"0":"post-6879","1":"product","2":"type-product","3":"status-publish","4":"has-post-thumbnail","6":"product_cat-ducar-machinerie","7":"product_cat-souffleuses-a-neige","9":"first","10":"instock","11":"taxable","12":"shipping-taxable","13":"purchasable","14":"product-type-simple"},"_links":{"self":[{"href":"https:\/\/www.maniaquedistribution.com\/fr\/wp-json\/wp\/v2\/product\/6879","targetHints":{"allow":["GET"]}}],"collection":[{"href":"https:\/\/www.maniaquedistribution.com\/fr\/wp-json\/wp\/v2\/product"}],"about":[{"href":"https:\/\/www.maniaquedistribution.com\/fr\/wp-json\/wp\/v2\/types\/product"}],"wp:featuredmedia":[{"embeddable":true,"href":"https:\/\/www.maniaquedistribution.com\/fr\/wp-json\/wp\/v2\/media\/6880"}],"wp:attachment":[{"href":"https:\/\/www.maniaquedistribution.com\/fr\/wp-json\/wp\/v2\/media?parent=6879"}],"wp:term":[{"taxonomy":"product_cat","embeddable":true,"href":"https:\/\/www.maniaquedistribution.com\/fr\/wp-json\/wp\/v2\/product_cat?post=6879"},{"taxonomy":"product_tag","embeddable":true,"href":"https:\/\/www.maniaquedistribution.com\/fr\/wp-json\/wp\/v2\/product_tag?post=6879"}],"curies":[{"name":"wp","href":"https:\/\/api.w.org\/{rel}","templated":true}]}}