{"id":7047,"date":"2026-04-30T19:56:26","date_gmt":"2026-04-30T17:56:26","guid":{"rendered":"https:\/\/www.maniaquedistribution.com\/?post_type=product&#038;p=7047"},"modified":"2026-05-08T00:52:54","modified_gmt":"2026-05-07T22:52:54","slug":"equinoxe-sahara-50cc-2026","status":"publish","type":"product","link":"https:\/\/www.maniaquedistribution.com\/fr\/product\/equinoxe-sahara-50cc-2026\/","title":{"rendered":"EQUINOXE SAHARA 50CC 2026"},"content":{"rendered":"<p><span class=\"T286Pc\" data-sfc-cp=\"\" data-sfc-root=\"c\" data-sfc-cb=\"\" data-processed=\"true\"><strong class=\"Yjhzub\" data-sfc-root=\"c\" data-sfc-cb=\"\" data-processed=\"true\">Consommation tr\u00e8s<\/strong>\u00a0\u00e9conomique, estim\u00e9e \u00e0 environ 2,5 L\/100 km. <\/span><span class=\"T286Pc\" data-sfc-cp=\"\" data-sfc-root=\"c\" data-sfc-cb=\"\" data-processed=\"true\">Id\u00e9al pour les d\u00e9placements urbains, le travail, l&#8217;\u00e9cole ou les loisirs.<\/span><\/p>\n<p>CARACTERISTIQUES \/ SPECS<br \/>\nMoteur \/ Engine :\u00a04 temps \/ 4 stroke<br \/>\nCylindr\u00e9e \/ Displacement :\u00a0\u00a050cc<br \/>\nAllumage \/ Ignition :\u00a0CDI<br \/>\nCompression :\u00a010.3 : 1<br \/>\nBatterie \/ Battery :\u00a012 V \/ 6AH<br \/>\nTransmission :\u00a0CVT<br \/>\nFrein avant \/ Front brake :\u00a0Disque \/ Disk<br \/>\nFrein arri\u00e8re \/ Rear brake :\u00a0Tambour \/ Drum<br \/>\nPneu avant \/ Front tire :\u00a0120\/70-12<br \/>\nPneu arri\u00e8re \/ Rear tire :\u00a0120\/70-12<br \/>\nEmpattement \/ Wheelbase :\u00a0\u00a01340mm<br \/>\nGarde au sol \/ Ground clearance :\u00a0\u00a0150mm<br \/>\nLongueur \/ Lenght :\u00a0\u00a01930mm<br \/>\nHauteur de la selle \/ Seat height :\u00a0740\u00a0mm<br \/>\nPoids total permis \/ Maximum load :\u00a0170\u00a0kg<br \/>\nR\u00e9servoir d&#8217;essence \/ Fuel tank volume :\u00a0 4.5L<br \/>\nR\u00e9servoir d&#8217;huile \/ Oil capacity :\u00a0750 ml<br \/>\nPoids \u00e0 sec \/ Dry weight :\u00a0135\u00a0\u00a0kg<br \/>\nBougie \/ Sparkplug :\u00a0NGK C7HSA<br \/>\nL \/ 100 km :\u00a02.5<br \/>\nVitesse \/ Top speed :\u00a0\u00a060 Km\/h<br \/>\nCouleurs : Vert-Noir\u00a0 \u00a0\/\u00a0 \u00a0Terra-Noir<br \/>\nColors :\u00a0 Green-Black\u00a0 \/\u00a0 \u00a0Terra-Black<\/p>\n<div class=\"container bg-white mt-5\">\n<div class=\"woocommerce-tabs wc-tabs-wrapper\">\n<div id=\"tab-description\" class=\"woocommerce-Tabs-panel woocommerce-Tabs-panel--description panel entry-content wc-tab\" role=\"tabpanel\" aria-labelledby=\"tab-title-description\">\n<p>Montage inclus<\/p>\n<p class=\"p1\">Meilleur prix garanti !<\/p>\n<p class=\"p1\">Trouvez moins cher et nous \u00e9galiserons le prix !<\/p>\n<\/div>\n<\/div>\n<\/div>\n<div class=\"container bg-white mt-5\"><\/div>\n<p>&nbsp;<\/p>","protected":false},"excerpt":{"rendered":"<p>Marque : Equinoxe<\/p>\n<p>Mod\u00e8le : Sahara<\/p>\n<p>Moteur : 4 temps<\/p>\n<p>Cylindr\u00e9e : 50cc<\/p>","protected":false},"featured_media":7052,"template":"","meta":[],"product_cat":[693],"product_tag":[],"class_list":{"0":"post-7047","1":"product","2":"type-product","3":"status-publish","4":"has-post-thumbnail","6":"product_cat-scooter","8":"first","9":"instock","10":"taxable","11":"shipping-taxable","12":"purchasable","13":"product-type-simple"},"_links":{"self":[{"href":"https:\/\/www.maniaquedistribution.com\/fr\/wp-json\/wp\/v2\/product\/7047","targetHints":{"allow":["GET"]}}],"collection":[{"href":"https:\/\/www.maniaquedistribution.com\/fr\/wp-json\/wp\/v2\/product"}],"about":[{"href":"https:\/\/www.maniaquedistribution.com\/fr\/wp-json\/wp\/v2\/types\/product"}],"wp:featuredmedia":[{"embeddable":true,"href":"https:\/\/www.maniaquedistribution.com\/fr\/wp-json\/wp\/v2\/media\/7052"}],"wp:attachment":[{"href":"https:\/\/www.maniaquedistribution.com\/fr\/wp-json\/wp\/v2\/media?parent=7047"}],"wp:term":[{"taxonomy":"product_cat","embeddable":true,"href":"https:\/\/www.maniaquedistribution.com\/fr\/wp-json\/wp\/v2\/product_cat?post=7047"},{"taxonomy":"product_tag","embeddable":true,"href":"https:\/\/www.maniaquedistribution.com\/fr\/wp-json\/wp\/v2\/product_tag?post=7047"}],"curies":[{"name":"wp","href":"https:\/\/api.w.org\/{rel}","templated":true}]}}